{"id":11634,"date":"2023-06-13T16:21:53","date_gmt":"2023-06-13T16:21:53","guid":{"rendered":"https:\/\/tatsa.mx\/?page_id=11634"},"modified":"2023-10-02T19:43:58","modified_gmt":"2023-10-02T19:43:58","slug":"oil-gas-refined-products","status":"publish","type":"page","link":"https:\/\/tatsa.mx\/en\/oil-gas-refined-products\/","title":{"rendered":"Oil &#038; Gas &#8211; Refined products"},"content":{"rendered":"<div data-elementor-type=\"wp-page\" data-elementor-id=\"11634\" class=\"elementor elementor-11634\">\n\t\t\t\t\t\t<section class=\"elementor-section elementor-top-section elementor-element elementor-element-f69a4c8 elementor-section-content-middle elementor-section-boxed elementor-section-height-default elementor-section-height-default\" data-id=\"f69a4c8\" data-element_type=\"section\" data-e-type=\"section\" data-settings=\"{&quot;background_background&quot;:&quot;classic&quot;}\">\n\t\t\t\t\t\t\t<div class=\"elementor-background-overlay\"><\/div>\n\t\t\t\t\t\t\t<div class=\"elementor-container elementor-column-gap-default\">\n\t\t\t\t\t<div class=\"elementor-column elementor-col-100 elementor-top-column elementor-element elementor-element-14adeb4 elementor-invisible\" data-id=\"14adeb4\" data-element_type=\"column\" data-e-type=\"column\" data-settings=\"{&quot;animation&quot;:&quot;fadeIn&quot;}\">\n\t\t\t<div class=\"elementor-widget-wrap elementor-element-populated\">\n\t\t\t\t\t\t<div class=\"elementor-element elementor-element-dcc00e3 elementor-widget elementor-widget-infetech_elementor_heading\" data-id=\"dcc00e3\" data-element_type=\"widget\" data-e-type=\"widget\" data-widget_type=\"infetech_elementor_heading.default\">\n\t\t\t\t<div class=\"elementor-widget-container\">\n\t\t\t\t\t\n\t\t\t<div class=\"ova-heading\">\n\t\t\t\t\n\t\t\t\t\n\t\t\t\t\n\t\t\t\t\t<h1 class=\"title\">\t\t\t\t\t\t\t\t\t\t\t\t\tRefined products\t\t\t\t\t\t\t\t\t\t\t<\/h1>\n                \n                \n\t\t\t<\/div>\n\n\t\t\t\t\t\t<\/div>\n\t\t\t\t<\/div>\n\t\t\t\t\t<\/div>\n\t\t<\/div>\n\t\t\t\t\t<\/div>\n\t\t<\/section>\n\t\t\t\t<section class=\"elementor-section elementor-top-section elementor-element elementor-element-286f8df elementor-section-boxed elementor-section-height-default elementor-section-height-default\" data-id=\"286f8df\" data-element_type=\"section\" data-e-type=\"section\">\n\t\t\t\t\t\t<div class=\"elementor-container elementor-column-gap-default\">\n\t\t\t\t\t<div class=\"elementor-column elementor-col-100 elementor-top-column elementor-element elementor-element-11fdf41\" data-id=\"11fdf41\" data-element_type=\"column\" data-e-type=\"column\">\n\t\t\t<div class=\"elementor-widget-wrap elementor-element-populated\">\n\t\t\t\t\t\t<div class=\"elementor-element elementor-element-6a7a645 elementor-widget elementor-widget-html\" data-id=\"6a7a645\" data-element_type=\"widget\" data-e-type=\"widget\" data-widget_type=\"html.default\">\n\t\t\t\t<div class=\"elementor-widget-container\">\n\t\t\t\t\t<style>\n    \n    body section.elementor-section-height-default.header_sticky.mobile_sticky{\n    background: #003da0;\n}\n    \n<\/style>\n<script>\n    jQuery('#logo-tatsa-home a').attr('href','https:\/\/tatsa.mx\/en\/home-tatsa');\n    jQuery('li#menu-item-10955 a').attr('href','https:\/\/tatsa.mx\/oil-gas-productos-para-refinacion');\n     jQuery('li#menu-item-10954 a').attr('href','https:\/\/tatsa.mx\/en\/oil-gas-refined-products\/');\n     jQuery('li#menu-item-10545 a,li#menu-item-7367 a').attr('href','https:\/\/tatsa.mx\/en\/products');\n     jQuery('li#menu-item-10298 a').attr('href','https:\/\/tatsa.mx\/en\/lpg-and-anhydrous-ammonia-storage-tanks');\n    jQuery('li#menu-item-7882 a').attr('href','https:\/\/tatsa.mx\/en\/carbon-dioxide-vacuum-storage-tank');\n    jQuery('li#menu-item-7890 a').attr('href','https:\/\/tatsa.mx\/en\/vertical-cryogenic-tanks-for-liquid-natural-gas');\n    jQuery('li#menu-item-7871 a,li#menu-item-9103 a,li#menu-item-9104 a,li#menu-item-9105 a,li#menu-item-9106 a').attr('href','https:\/\/tatsa.mx\/en\/heads');\n    jQuery('li#menu-item-7877 a').attr('href','https:\/\/tatsa.mx\/en\/co2-semitrailers');\n    jQuery('li#menu-item-7878 a,li#menu-item-9257 a,li#menu-item-9258 a,li#menu-item-9259 a').attr('href','https:\/\/tatsa.mx\/en\/lpg-anhydrous-ammonia-propylene-and-isobutane-semitrailers\/');\n    jQuery('li#menu-item-7881 a').attr('href','https:\/\/tatsa.mx\/en\/vertical-cryogenic-tanks-for-nitrogen-oxygen-and-argon');\n    jQuery('li#menu-item-7884 a').attr('href','https:\/\/tatsa.mx\/en\/chlorine-ton-container');\n    jQuery('li#menu-item-7886 a').attr('href','https:\/\/tatsa.mx\/en\/air-receivers');\n    jQuery('li#menu-item-8919 a').attr('href','https:\/\/tatsa.mx\/en\/nh3-applicator-and-nurse-tank');\n    jQuery('li#menu-item-8926 a').attr('href','https:\/\/tatsa.mx\/en\/lpg-and-anhydrous-ammonia-storage-tanks');\n    jQuery('li#menu-item-9578 a').attr('href','https:\/\/tatsa.mx\/en\/oil-gas-refined-products');\n    jQuery('li#menu-item-10224 a').attr('href','https:\/\/tatsa.mx\/en\/motor-fuel-tanks\/');\n    jQuery('li#menu-item-10328 a,li#menu-item-7870 a,li#menu-item-10329 a').attr('href','https:\/\/tatsa.mx\/en\/bobtails');\n    jQuery('li#menu-item-10435 a').attr('href','https:\/\/tatsa.mx\/en\/motor-fuel-tank-station');\n    jQuery('li#menu-item-10445 a').attr('href','https:\/\/tatsa.mx\/en\/domestic-tanks');\n    jQuery('li#menu-item-10455 a').attr('href','https:\/\/tatsa.mx\/en\/vertical-tanks');\n    jQuery('li#menu-item-11263 a,li#menu-item-11264 a').attr('href','https:\/\/tatsa.mx\/en\/culvert');\n    jQuery('li#menu-item-9578').attr('href','https:\/\/tatsa.mx\/en\/oil-gas-refined-products');\n    jQuery('li#menu-item-7874 a').attr('href','https:\/\/tatsa.mx\/en\/iso-tanks-for-lpg');\n    jQuery('li#menu-item-7867 a,li#menu-item-7366 a').attr('href','https:\/\/tatsa.mx\/en\/home-tatsa#nosotros');\n    jQuery('li#menu-item-7872 a').attr('href','https:\/\/tatsa.mx\/en\/cylinders');\n    jQuery('li#menu-item-7876 a').attr('href','https:\/\/tatsa.mx\/en\/spheres-asme');\n    jQuery('li#menu-item-7879 a').attr('href','https:\/\/tatsa.mx\/en\/api-tanks');\n    jQuery('li#menu-item-7885 a').attr('href','https:\/\/tatsa.mx\/en\/lpg-and-anhydrous-ammonia-storage-tanks');\n    jQuery('li#menu-item-7895 a,li#menu-item-7368 a').attr('href','https:\/\/tatsa.mx\/en\/contact#plantas-y-centros');\n    jQuery('li#menu-item-7897 a,li#menu-item-7370 a').attr('href','https:\/\/tatsa.mx\/en\/contact#contacto');\n<\/script>\t\t\t\t<\/div>\n\t\t\t\t<\/div>\n\t\t\t\t\t<\/div>\n\t\t<\/div>\n\t\t\t\t\t<\/div>\n\t\t<\/section>\n\t\t\t\t<section class=\"elementor-section elementor-top-section elementor-element elementor-element-d7b3021 elementor-section-boxed elementor-section-height-default elementor-section-height-default\" data-id=\"d7b3021\" data-element_type=\"section\" data-e-type=\"section\" data-settings=\"{&quot;background_background&quot;:&quot;classic&quot;}\">\n\t\t\t\t\t\t\t<div class=\"elementor-background-overlay\"><\/div>\n\t\t\t\t\t\t\t<div class=\"elementor-container elementor-column-gap-default\">\n\t\t\t\t\t<div class=\"elementor-column elementor-col-100 elementor-top-column elementor-element elementor-element-595534c\" data-id=\"595534c\" data-element_type=\"column\" data-e-type=\"column\">\n\t\t\t<div class=\"elementor-widget-wrap elementor-element-populated\">\n\t\t\t\t\t\t<div class=\"elementor-element elementor-element-44d369c elementor-widget elementor-widget-ucaddon_card_carousel\" data-id=\"44d369c\" data-element_type=\"widget\" data-e-type=\"widget\" data-widget_type=\"ucaddon_card_carousel.default\">\n\t\t\t\t<div class=\"elementor-widget-container\">\n\t\t\t\t\t\n<!-- start Card Carousel -->\n\t\t<link id='font-awesome-css' href='https:\/\/tatsa.mx\/wp-content\/plugins\/unlimited-elements-for-elementor\/assets_libraries\/font-awesome6\/fontawesome-all.min.css' type='text\/css' rel='stylesheet' >\n\t\t<link id='font-awesome-4-shim-css' href='https:\/\/tatsa.mx\/wp-content\/plugins\/unlimited-elements-for-elementor\/assets_libraries\/font-awesome6\/fontawesome-v4-shims.min.css' type='text\/css' rel='stylesheet' >\n\t\t<link id='owl-carousel-css' href='https:\/\/tatsa.mx\/wp-content\/plugins\/unlimited-elements-for-elementor\/assets_libraries\/owl-carousel-new\/assets\/owl.carousel.css' type='text\/css' rel='stylesheet' >\n\n<style>\/* widget: Card Carousel *\/\n\n#uc_card_carousel_elementor_44d369c *{\n\t-webkit-box-sizing: border-box;\n\t-moz-box-sizing: border-box;\n\tbox-sizing: border-box;\n}\n\n#uc_card_carousel_elementor_44d369c .ue-carousel-item\n{\n  overflow:hidden;\n  transition:0.3s;\n}\n\n#uc_card_carousel_elementor_44d369c .uc_classic_carousel_container_holder\n{\n\tdisplay:block;\n\tposition:relative;\n\twidth:100%;\n    box-sizing: border-box;\n}\n.card_carousel_title\n{\n\tfont-size:21px;\n}\n\n.uc_classic_carousel .uc_classic_carousel_border\n{\n\tdisplay:block;\n    margin:0 auto;\n}\n\n.uc_classic_carousel  .uc_classic_carousel_placeholder img\n{\n\twidth:100%;\n    \n    display:inline-flex;\n}\n.uc_classic_carousel .uc_classic_carousel_content\n{\n  display: flex;\n flex-flow: column nowrap;\n}\n\n.uc_classic_carousel .ue_button\n{\n  margin-top:auto;\n\n}\n\n.uc_classic_carousel .uc_classic_carousel_content .uc_more_btn {\n\tdisplay:inline-block;\n\ttext-decoration:none;\n\ttransition: all 0.5s ease;\n}\n\n\n#uc_card_carousel_elementor_44d369c .owl-dots {\noverflow:hidden;\ntext-align:center;\n}\n\n#uc_card_carousel_elementor_44d369c .owl-dot {\nborder-radius:50%;\ndisplay:inline-block;\n}\n\n#uc_card_carousel_elementor_44d369c .owl-nav .owl-prev{\n    position:absolute;\n    display:inline-block;\n    text-align:center;\n}\n#uc_card_carousel_elementor_44d369c .owl-nav .owl-next{\n  position:absolute;\n  display:inline-block;\n  text-align:center;\n}\n\n#uc_card_carousel_elementor_44d369c .owl-nav .disabled\n{\n    display: none;  \n}\n\n\n#uc_card_carousel_elementor_44d369c .ue-item-icon\n{\n  line-height:1em;\n  display:inline-flex;\n  justify-content:center;\n  align-items:center;\n  \n}\n\n#uc_card_carousel_elementor_44d369c .ue-item-icon svg\n{\n  height:1em;\n  width:1em;\n}\n\n#uc_card_carousel_elementor_44d369c .ue-item-icon-wrapper\n{\n  display:flex;\n}\n\n\n\n\n<\/style>\n\n<div class=\"uc_classic_carousel\" >\n        <div class=\"uc_carousel owl-carousel\" id=\"uc_card_carousel_elementor_44d369c\" >\n          \t<div class=\"uc_classic_carousel_container_holder ue-item elementor-repeater-item-1cdabc7\">\n  <div class=\"ue-carousel-item\">\n      <div class=\"uc_classic_carousel_placeholder\">\n          <img fetchpriority=\"high\" decoding=\"async\" src=\"https:\/\/tatsa.mx\/wp-content\/uploads\/2023\/01\/filtros.webp\"  alt=\"filtros\" width=\"1000\" height=\"818\">\n      <\/div>\n    <div class=\"uc_classic_carousel_content\" style=\"direction:ltr;\">\n    \n    \n        \n    \t\n    \n      \n        \n    \n    \t\n    \n    \n    \t\n  <\/div>\n  <\/div>\n<\/div>\n<div class=\"uc_classic_carousel_container_holder ue-item elementor-repeater-item-098c1b7\">\n  <div class=\"ue-carousel-item\">\n      <div class=\"uc_classic_carousel_placeholder\">\n          <img decoding=\"async\" src=\"https:\/\/tatsa.mx\/wp-content\/uploads\/2023\/01\/separador.webp\"  alt=\"separador\" width=\"500\" height=\"500\">\n      <\/div>\n    <div class=\"uc_classic_carousel_content\" style=\"direction:ltr;\">\n    \n    \n        \n    \t\n    \n      \n        \n    \n    \t\n    \n    \n    \t\n  <\/div>\n  <\/div>\n<\/div>\n<div class=\"uc_classic_carousel_container_holder ue-item elementor-repeater-item-7ff4c93\">\n  <div class=\"ue-carousel-item\">\n      <div class=\"uc_classic_carousel_placeholder\">\n          <img decoding=\"async\" src=\"https:\/\/tatsa.mx\/wp-content\/uploads\/2023\/01\/torres.webp\"  alt=\"torres\" width=\"1000\" height=\"824\">\n      <\/div>\n    <div class=\"uc_classic_carousel_content\" style=\"direction:ltr;\">\n    \n    \n        \n    \t\n    \n      \n        \n    \n    \t\n    \n    \n    \t\n  <\/div>\n  <\/div>\n<\/div>\n\n      <\/div>\n<\/div>\n<!-- end Card Carousel -->\t\t\t\t<\/div>\n\t\t\t\t<\/div>\n\t\t\t\t<div class=\"elementor-element elementor-element-000c567 elementor-widget elementor-widget-image\" data-id=\"000c567\" data-element_type=\"widget\" data-e-type=\"widget\" data-widget_type=\"image.default\">\n\t\t\t\t<div class=\"elementor-widget-container\">\n\t\t\t\t\t\t\t\t\t\t\t\t\t\t\t<img loading=\"lazy\" decoding=\"async\" width=\"792\" height=\"315\" src=\"https:\/\/tatsa.mx\/wp-content\/uploads\/2022\/10\/logo-tatsa-industrial.svg\" class=\"attachment-full size-full wp-image-6381\" alt=\"logo tatsa industrial\" \/>\t\t\t\t\t\t\t\t\t\t\t\t\t\t\t<\/div>\n\t\t\t\t<\/div>\n\t\t\t\t<section class=\"elementor-section elementor-inner-section elementor-element elementor-element-c49ab02 elementor-section-full_width elementor-section-height-default elementor-section-height-default elementor-invisible\" data-id=\"c49ab02\" data-element_type=\"section\" data-e-type=\"section\" data-settings=\"{&quot;animation&quot;:&quot;fadeIn&quot;}\">\n\t\t\t\t\t\t<div class=\"elementor-container elementor-column-gap-default\">\n\t\t\t\t\t<div class=\"elementor-column elementor-col-100 elementor-inner-column elementor-element elementor-element-c34f451\" data-id=\"c34f451\" data-element_type=\"column\" data-e-type=\"column\" data-settings=\"{&quot;background_background&quot;:&quot;classic&quot;}\">\n\t\t\t<div class=\"elementor-widget-wrap elementor-element-populated\">\n\t\t\t\t\t<div class=\"elementor-background-overlay\"><\/div>\n\t\t\t\t\t\t<div class=\"elementor-element elementor-element-dfd96c4 elementor-widget elementor-widget-text-editor\" data-id=\"dfd96c4\" data-element_type=\"widget\" data-e-type=\"widget\" data-widget_type=\"text-editor.default\">\n\t\t\t\t<div class=\"elementor-widget-container\">\n\t\t\t\t\t\t\t\t\t<p><span style=\"font-weight: 400;\">We offer integral solutions for the storage of large volumes of hydrocarbons, pressurized gases or liquids and the manufacture of equipment for refining and petrochemicals, such as: separators, accumulators, filters, filters and distillation towers.<\/span><\/p>\t\t\t\t\t\t\t\t<\/div>\n\t\t\t\t<\/div>\n\t\t\t\t<div class=\"elementor-element elementor-element-2d40f90 elementor-hidden-desktop elementor-hidden-tablet elementor-hidden-mobile elementor-widget elementor-widget-text-editor\" data-id=\"2d40f90\" data-element_type=\"widget\" data-e-type=\"widget\" data-widget_type=\"text-editor.default\">\n\t\t\t\t<div class=\"elementor-widget-container\">\n\t\t\t\t\t\t\t\t\t<p>We invite you to consult our technical sheet for more information.<\/p>\t\t\t\t\t\t\t\t<\/div>\n\t\t\t\t<\/div>\n\t\t\t\t<div class=\"elementor-element elementor-element-efab9c7 elementor-align-center elementor-tablet-align-center elementor-hidden-desktop elementor-hidden-tablet elementor-hidden-mobile elementor-widget elementor-widget-button\" data-id=\"efab9c7\" data-element_type=\"widget\" data-e-type=\"widget\" data-widget_type=\"button.default\">\n\t\t\t\t<div class=\"elementor-widget-container\">\n\t\t\t\t\t\t\t\t\t<div class=\"elementor-button-wrapper\">\n\t\t\t\t\t<a class=\"elementor-button elementor-size-sm\" role=\"button\">\n\t\t\t\t\t\t<span class=\"elementor-button-content-wrapper\">\n\t\t\t\t\t\t\t\t\t<span class=\"elementor-button-text\">LEER FICHA<\/span>\n\t\t\t\t\t<\/span>\n\t\t\t\t\t<\/a>\n\t\t\t\t<\/div>\n\t\t\t\t\t\t\t\t<\/div>\n\t\t\t\t<\/div>\n\t\t\t\t\t<\/div>\n\t\t<\/div>\n\t\t\t\t\t<\/div>\n\t\t<\/section>\n\t\t\t\t<section class=\"elementor-section elementor-inner-section elementor-element elementor-element-6d45194 elementor-section-full_width elementor-section-height-default elementor-section-height-default elementor-invisible\" data-id=\"6d45194\" data-element_type=\"section\" data-e-type=\"section\" data-settings=\"{&quot;animation&quot;:&quot;fadeIn&quot;}\">\n\t\t\t\t\t\t<div class=\"elementor-container elementor-column-gap-default\">\n\t\t\t\t\t<div class=\"elementor-column elementor-col-50 elementor-inner-column elementor-element elementor-element-fb007cf\" data-id=\"fb007cf\" data-element_type=\"column\" data-e-type=\"column\" data-settings=\"{&quot;background_background&quot;:&quot;classic&quot;}\">\n\t\t\t<div class=\"elementor-widget-wrap elementor-element-populated\">\n\t\t\t\t\t<div class=\"elementor-background-overlay\"><\/div>\n\t\t\t\t\t\t<div class=\"elementor-element elementor-element-dc4c649 elementor-align-center elementor-tablet-align-center elementor-widget elementor-widget-button\" data-id=\"dc4c649\" data-element_type=\"widget\" data-e-type=\"widget\" data-widget_type=\"button.default\">\n\t\t\t\t<div class=\"elementor-widget-container\">\n\t\t\t\t\t\t\t\t\t<div class=\"elementor-button-wrapper\">\n\t\t\t\t\t<a class=\"elementor-button elementor-button-link elementor-size-sm\" href=\"https:\/\/tatsa.mx\/en\/cotiza-para-mexico\/\">\n\t\t\t\t\t\t<span class=\"elementor-button-content-wrapper\">\n\t\t\t\t\t\t\t\t\t<span class=\"elementor-button-text\">QUOTE FOR MEXICO<\/span>\n\t\t\t\t\t<\/span>\n\t\t\t\t\t<\/a>\n\t\t\t\t<\/div>\n\t\t\t\t\t\t\t\t<\/div>\n\t\t\t\t<\/div>\n\t\t\t\t\t<\/div>\n\t\t<\/div>\n\t\t\t\t<div class=\"elementor-column elementor-col-50 elementor-inner-column elementor-element elementor-element-02ba084\" data-id=\"02ba084\" data-element_type=\"column\" data-e-type=\"column\" data-settings=\"{&quot;background_background&quot;:&quot;classic&quot;}\">\n\t\t\t<div class=\"elementor-widget-wrap elementor-element-populated\">\n\t\t\t\t\t<div class=\"elementor-background-overlay\"><\/div>\n\t\t\t\t\t\t<div class=\"elementor-element elementor-element-c217223 elementor-align-center elementor-tablet-align-center elementor-widget elementor-widget-button\" data-id=\"c217223\" data-element_type=\"widget\" data-e-type=\"widget\" data-widget_type=\"button.default\">\n\t\t\t\t<div class=\"elementor-widget-container\">\n\t\t\t\t\t\t\t\t\t<div class=\"elementor-button-wrapper\">\n\t\t\t\t\t<a class=\"elementor-button elementor-button-link elementor-size-sm\" href=\"https:\/\/tatsa.mx\/en\/cotiza-para-internacional\/\">\n\t\t\t\t\t\t<span class=\"elementor-button-content-wrapper\">\n\t\t\t\t\t\t\t\t\t<span class=\"elementor-button-text\">QUOTE OTHER COUNTRIES<\/span>\n\t\t\t\t\t<\/span>\n\t\t\t\t\t<\/a>\n\t\t\t\t<\/div>\n\t\t\t\t\t\t\t\t<\/div>\n\t\t\t\t<\/div>\n\t\t\t\t\t<\/div>\n\t\t<\/div>\n\t\t\t\t\t<\/div>\n\t\t<\/section>\n\t\t\t\t\t<\/div>\n\t\t<\/div>\n\t\t\t\t\t<\/div>\n\t\t<\/section>\n\t\t\t\t<\/div>","protected":false},"excerpt":{"rendered":"<p>Productos para refinaci\u00f3n Ofrecemos soluciones integrales para el almacenamiento de grandes vol\u00famenes de hidrocarburos, gases a presi\u00f3n o l\u00edquidos y la fabricaci\u00f3n de equipos para refinaci\u00f3n y petroqu\u00edmica, tales como: separadores, acumuladores, filtros, filtros y torres de destilaci\u00f3n. Te invitamos a consultar nuestra ficha t\u00e9cnica para m\u00e1s informaci\u00f3n. LEER FICHA COTIZA PARA M\u00c9XICO COTIZA OTROS [&hellip;]<\/p>\n","protected":false},"author":1,"featured_media":0,"parent":0,"menu_order":0,"comment_status":"closed","ping_status":"closed","template":"elementor_header_footer","meta":{"_acf_changed":false,"_monsterinsights_skip_tracking":false,"_monsterinsights_sitenote_active":false,"_monsterinsights_sitenote_note":"","_monsterinsights_sitenote_category":0,"footnotes":""},"class_list":["post-11634","page","type-page","status-publish","hentry"],"acf":[],"aioseo_notices":[],"_links":{"self":[{"href":"https:\/\/tatsa.mx\/en\/wp-json\/wp\/v2\/pages\/11634","targetHints":{"allow":["GET"]}}],"collection":[{"href":"https:\/\/tatsa.mx\/en\/wp-json\/wp\/v2\/pages"}],"about":[{"href":"https:\/\/tatsa.mx\/en\/wp-json\/wp\/v2\/types\/page"}],"author":[{"embeddable":true,"href":"https:\/\/tatsa.mx\/en\/wp-json\/wp\/v2\/users\/1"}],"replies":[{"embeddable":true,"href":"https:\/\/tatsa.mx\/en\/wp-json\/wp\/v2\/comments?post=11634"}],"version-history":[{"count":10,"href":"https:\/\/tatsa.mx\/en\/wp-json\/wp\/v2\/pages\/11634\/revisions"}],"predecessor-version":[{"id":12428,"href":"https:\/\/tatsa.mx\/en\/wp-json\/wp\/v2\/pages\/11634\/revisions\/12428"}],"wp:attachment":[{"href":"https:\/\/tatsa.mx\/en\/wp-json\/wp\/v2\/media?parent=11634"}],"curies":[{"name":"wp","href":"https:\/\/api.w.org\/{rel}","templated":true}]}}