{"id":13721,"date":"2025-06-09T16:36:56","date_gmt":"2025-06-09T22:36:56","guid":{"rendered":"https:\/\/tatsa.mx\/?page_id=13721"},"modified":"2025-06-09T16:54:35","modified_gmt":"2025-06-09T22:54:35","slug":"codigo-de-etica","status":"publish","type":"page","link":"https:\/\/tatsa.mx\/en\/codigo-de-etica\/","title":{"rendered":"C\u00f3digo de \u00e9tica"},"content":{"rendered":"<div data-elementor-type=\"wp-page\" data-elementor-id=\"13721\" class=\"elementor elementor-13721\">\n\t\t\t\t\t\t<section class=\"elementor-section elementor-top-section elementor-element elementor-element-2354b21 elementor-section-boxed elementor-section-height-default elementor-section-height-default\" data-id=\"2354b21\" data-element_type=\"section\" data-e-type=\"section\">\n\t\t\t\t\t\t<div class=\"elementor-container elementor-column-gap-default\">\n\t\t\t\t\t<div class=\"elementor-column elementor-col-100 elementor-top-column elementor-element elementor-element-87f26e0\" data-id=\"87f26e0\" data-element_type=\"column\" data-e-type=\"column\">\n\t\t\t<div class=\"elementor-widget-wrap elementor-element-populated\">\n\t\t\t\t\t\t<div class=\"elementor-element elementor-element-4d9db9d elementor-widget elementor-widget-image\" data-id=\"4d9db9d\" data-element_type=\"widget\" data-e-type=\"widget\" data-widget_type=\"image.default\">\n\t\t\t\t<div class=\"elementor-widget-container\">\n\t\t\t\t\t\t\t\t\t\t\t\t\t\t\t<img fetchpriority=\"high\" decoding=\"async\" width=\"1200\" height=\"380\" src=\"https:\/\/tatsa.mx\/wp-content\/uploads\/2025\/06\/logotatsacorporativo_CMYK.svg\" class=\"attachment-full size-full wp-image-13725\" alt=\"logotatsacorporativo CMYK\" \/>\t\t\t\t\t\t\t\t\t\t\t\t\t\t\t<\/div>\n\t\t\t\t<\/div>\n\t\t\t\t<div class=\"elementor-element elementor-element-d182231 elementor-widget elementor-widget-heading\" data-id=\"d182231\" data-element_type=\"widget\" data-e-type=\"widget\" data-widget_type=\"heading.default\">\n\t\t\t\t<div class=\"elementor-widget-container\">\n\t\t\t\t\t<h1 class=\"elementor-heading-title elementor-size-default\">AVISO DE PRIVACIDAD<\/h1>\t\t\t\t<\/div>\n\t\t\t\t<\/div>\n\t\t\t\t<div class=\"elementor-element elementor-element-89d1468 elementor-widget elementor-widget-text-editor\" data-id=\"89d1468\" data-element_type=\"widget\" data-e-type=\"widget\" data-widget_type=\"text-editor.default\">\n\t\t\t\t<div class=\"elementor-widget-container\">\n\t\t\t\t\t\t\t\t\t<h2>SVIFFLUG, S. DE R.L. DE C.V.<\/h2>\n<p><!-- \/wp:heading --><!-- wp:paragraph --><\/p>\n<p>AVISO DE PRIVACIDAD (actualizado el 2 agosto 2022) A continuaci\u00f3n se presenta la Pol\u00edtica y Aviso de Privacidad de SVIFFLUG, S. DE R.L. DE C.V. Esta Pol\u00edtica y Aviso de Privacidad (el \u201cAviso de Privacidad\u201d) contiene informaci\u00f3n relativa a la obtenci\u00f3n y uso de su informaci\u00f3n personal. Al utilizar esta P\u00e1gina de Internet Usted otorga su consentimiento a lo dispuesto en este Aviso de Privacidad.<\/p>\n<p><!-- \/wp:paragraph --><!-- wp:heading --><\/p>\n<h2>\u00bfQu\u00e9 p\u00e1ginas de Internet cubre este Aviso de Privacidad?<\/h2>\n<p><!-- \/wp:heading --><!-- wp:paragraph --><\/p>\n<p>tatsa.mx \/ webinarstatsa.mx \/ tanques.tatsa.com.mx\/hogar \/ tanques.tatsa.com.mx\/condominios \/ tanques.tatsa.com.mx\/negocios (las \u201cP\u00e1ginas de Internet\u201d)<\/p>\n<p><!-- \/wp:paragraph --><!-- wp:heading --><\/p>\n<h2>\u00bfQui\u00e9n es el responsable de la informaci\u00f3n recabada en las p\u00e1ginas de Internet?<\/h2>\n<p><!-- \/wp:heading --><!-- wp:paragraph --><\/p>\n<p>SVIFFLUG, S. de R.L. de C.V. teniendo el siguiente domicilio: Monte Pelvoux 111 piso 7, Col. Lomas de Chapultepec, Alcald\u00eda Miguel Hidalgo, CP. 11000, CDMX.<\/p>\n<h2>\u00bfQu\u00e9 categor\u00edas de informaci\u00f3n personal recaban las p\u00e1ginas de Internet?<\/h2>\n<p><!-- \/wp:heading --><!-- wp:paragraph --><\/p>\n<p>Recabamos la informaci\u00f3n que usted nos proporciona al llenar un formulario, incluyendo nombre, informaci\u00f3n de contacto e informaci\u00f3n relativa a su negocio o su experiencia profesional.<\/p>\n<p>Asimismo, usamos cookies en nuestras p\u00e1ginas de Internet. Las cookies guardan informaci\u00f3n de su visita a nuestras p\u00e1ginas de Internet, lo cual nos permite brindar un mejor servicio y experiencia al usar las p\u00e1ginas de Internet.<\/p>\n<h2>\u00bfPara qu\u00e9 es utilizada la informaci\u00f3n personal?<\/h2>\n<p><!-- \/wp:heading --><!-- wp:paragraph --><\/p>\n<p>Para responder a sus solicitudes, promocionar productos y servicios\u00a0 (informaci\u00f3n publicitaria), tener un mejor entendimiento de nuestros clientes y para mejorar las P\u00e1ginas de Internet.<\/p>\n<h2>\u00bfCon qui\u00e9n comparten la informaci\u00f3n recabada?<\/h2>\n<p><!-- \/wp:heading --><!-- wp:paragraph --><\/p>\n<p>Compartimos informaci\u00f3n con empresas que nos prestan servicios, nuestras afiliadas o seg\u00fan sea requerido por la ley. Tambi\u00e9n podemos compartir esta informaci\u00f3n en caso de una venta del negocio o una parte del negocio. Ning\u00fan tercero recaba informaci\u00f3n en nuestras p\u00e1ginas de Internet, salvo nuestros prestadores de servicios, incluyendo Google Analytics.<\/p>\n<h2>\u00bfC\u00f3mo puedo ejercer mis derechos de Acceso, Rectificaci\u00f3n, Cancelaci\u00f3n y Oposici\u00f3n (ARCO) al uso de mi informaci\u00f3n personal; c\u00f3mo puedo revocar mi autorizaci\u00f3n otorgada con anterioridad; y c\u00f3mo puedo limitar el uso y divulgaci\u00f3n de mis datos personales?<\/h2>\n<p><!-- \/wp:heading --><!-- wp:paragraph --><\/p>\n<p>Puede contactarnos en la siguiente direcci\u00f3n: Monte Pelvoux 111, piso 7, Col. Lomas de Chapultepec, Alcald\u00eda Miguel Hidalgo, CP. 11000, CDMX o por favor mande un email con la referencia \u201cMexico Privacy Policy\u201d a la siguiente direcci\u00f3n de correo electr\u00f3nico: <a href=\"mailto:oficial.deprivacidad@triarccorp.com\"><span style=\"font-weight: 400;\">oficial.deprivacidad@triarccorp.com<\/span><\/a>\u00a0. Atenderemos su solicitud y le daremos respuesta en cuanto nos sea posible.<\/p>\n<h2>\u00bfA qui\u00e9nes van dirigidas las p\u00e1ginas de Internet?<\/h2>\n<p><!-- \/wp:heading --><!-- wp:paragraph --><\/p>\n<p>A clientes actuales y potenciales de TATSA (SVIFFLUG, S. de R.L. de C.V. )<\/p>\n<h2>\u00bfLas p\u00e1ginas de Internet recaban informaci\u00f3n de personas menores de edad?<\/h2>\n<p><!-- \/wp:heading --><!-- wp:paragraph --><\/p>\n<p>No. Ninguna persona menor de 18 a\u00f1os est\u00e1 autorizada para usar las p\u00e1gina de Internet, al hacer uso de \u00e9stas usted confirma que es mayor de edad y con plena capacidad legal.<\/p>\n<h2>\u00bfC\u00f3mo otorgo mi consentimiento a este Aviso de Privacidad?<\/h2>\n<p><!-- \/wp:heading --><!-- wp:paragraph --><\/p>\n<p>Al usar las p\u00e1ginas de Internet.<\/p>\n<h2>\u00bfQu\u00e9 puedo hacer si no estoy de acuerdo con este Aviso de Privacidad?<\/h2>\n<p><!-- \/wp:heading --><!-- wp:paragraph --><\/p>\n<p>Deje de usar las p\u00e1ginas de Internet. Sin embargo, usted estar\u00e1 todav\u00eda obligado por lo dispuesto en el Aviso de Privacidad que reg\u00eda al momento en que usted dej\u00f3 de usar las p\u00e1ginas de Internet.<\/p>\n<h2>\u00bfC\u00f3mo puedo saber si existe alg\u00fan cambio al Aviso de Privacidad?<\/h2>\n<p><!-- \/wp:heading --><!-- wp:paragraph --><\/p>\n<p>El presente Aviso de Privacidad puede ser actualizado o modificado, en cuyo caso dichas modificaciones o actualizaciones ser\u00e1n publicadas en esta misma p\u00e1gina y ser\u00e1n efectivas al momento de su publicaci\u00f3n<\/p>\n<h2><span style=\"font-size: 27.8576px;\">C\u00f3digo de \u00e9tica<\/span><\/h2>\n<p data-sourcepos=\"5:1-6:295\"><span class=\"citation-11 citation-end-11\">Nuestro C\u00f3digo de \u00c9tica y Conducta aplica a todos los empleados y funcionarios de TRIARC<\/span>. <span class=\"citation-10 citation-end-10\">Adem\u00e1s, establece los principios que todos nuestros clientes, proveedores, contratistas y consultores deben seguir en sus interacciones comerciales con la empresa<\/span>.<\/p>\n<p><!-- \/wp:paragraph --><\/p>\t\t\t\t\t\t\t\t<\/div>\n\t\t\t\t<\/div>\n\t\t\t\t<div class=\"elementor-element elementor-element-ee5bf85 elementor-widget elementor-widget-button\" data-id=\"ee5bf85\" data-element_type=\"widget\" data-e-type=\"widget\" data-widget_type=\"button.default\">\n\t\t\t\t<div class=\"elementor-widget-container\">\n\t\t\t\t\t\t\t\t\t<div class=\"elementor-button-wrapper\">\n\t\t\t\t\t<a class=\"elementor-button elementor-button-link elementor-size-sm\" href=\"https:\/\/tatsa.mx\/wp-content\/uploads\/2025\/06\/Codigo-de-etica-y-conducta-empresarial-Final.pdf\">\n\t\t\t\t\t\t<span class=\"elementor-button-content-wrapper\">\n\t\t\t\t\t\t\t\t\t<span class=\"elementor-button-text\">C\u00f3digo de \u00e9tica<\/span>\n\t\t\t\t\t<\/span>\n\t\t\t\t\t<\/a>\n\t\t\t\t<\/div>\n\t\t\t\t\t\t\t\t<\/div>\n\t\t\t\t<\/div>\n\t\t\t\t\t<\/div>\n\t\t<\/div>\n\t\t\t\t\t<\/div>\n\t\t<\/section>\n\t\t\t\t<\/div>","protected":false},"excerpt":{"rendered":"<p>AVISO DE PRIVACIDAD SVIFFLUG, S. DE R.L. DE C.V. AVISO DE PRIVACIDAD (actualizado el 2 agosto 2022) A continuaci\u00f3n se presenta la Pol\u00edtica y Aviso de Privacidad de SVIFFLUG, S. DE R.L. DE C.V. Esta Pol\u00edtica y Aviso de Privacidad (el \u201cAviso de Privacidad\u201d) contiene informaci\u00f3n relativa a la obtenci\u00f3n y uso de su informaci\u00f3n [&hellip;]<\/p>\n","protected":false},"author":3,"featured_media":0,"parent":0,"menu_order":0,"comment_status":"closed","ping_status":"closed","template":"elementor_header_footer","meta":{"_acf_changed":false,"_monsterinsights_skip_tracking":false,"_monsterinsights_sitenote_active":false,"_monsterinsights_sitenote_note":"","_monsterinsights_sitenote_category":0,"footnotes":""},"class_list":["post-13721","page","type-page","status-publish","hentry"],"acf":[],"aioseo_notices":[],"_links":{"self":[{"href":"https:\/\/tatsa.mx\/en\/wp-json\/wp\/v2\/pages\/13721","targetHints":{"allow":["GET"]}}],"collection":[{"href":"https:\/\/tatsa.mx\/en\/wp-json\/wp\/v2\/pages"}],"about":[{"href":"https:\/\/tatsa.mx\/en\/wp-json\/wp\/v2\/types\/page"}],"author":[{"embeddable":true,"href":"https:\/\/tatsa.mx\/en\/wp-json\/wp\/v2\/users\/3"}],"replies":[{"embeddable":true,"href":"https:\/\/tatsa.mx\/en\/wp-json\/wp\/v2\/comments?post=13721"}],"version-history":[{"count":26,"href":"https:\/\/tatsa.mx\/en\/wp-json\/wp\/v2\/pages\/13721\/revisions"}],"predecessor-version":[{"id":13752,"href":"https:\/\/tatsa.mx\/en\/wp-json\/wp\/v2\/pages\/13721\/revisions\/13752"}],"wp:attachment":[{"href":"https:\/\/tatsa.mx\/en\/wp-json\/wp\/v2\/media?parent=13721"}],"curies":[{"name":"wp","href":"https:\/\/api.w.org\/{rel}","templated":true}]}}