{"id":14287,"date":"2026-02-17T11:50:37","date_gmt":"2026-02-17T17:50:37","guid":{"rendered":"https:\/\/tatsa.mx\/?page_id=14287"},"modified":"2026-04-01T16:14:59","modified_gmt":"2026-04-01T22:14:59","slug":"tanques-asme-con-skid","status":"publish","type":"page","link":"https:\/\/tatsa.mx\/en\/tanques-asme-con-skid\/","title":{"rendered":"Skid mounted LPG Tanks"},"content":{"rendered":"<div data-elementor-type=\"wp-page\" data-elementor-id=\"14287\" class=\"elementor elementor-14287\">\n\t\t\t\t\t\t<section class=\"elementor-section elementor-top-section elementor-element elementor-element-f69a4c8 elementor-section-content-middle elementor-section-boxed elementor-section-height-default elementor-section-height-default\" data-id=\"f69a4c8\" data-element_type=\"section\" data-e-type=\"section\" data-settings=\"{&quot;background_background&quot;:&quot;classic&quot;}\">\n\t\t\t\t\t\t\t<div class=\"elementor-background-overlay\"><\/div>\n\t\t\t\t\t\t\t<div class=\"elementor-container elementor-column-gap-default\">\n\t\t\t\t\t<div class=\"elementor-column elementor-col-100 elementor-top-column elementor-element elementor-element-14adeb4 elementor-invisible\" data-id=\"14adeb4\" data-element_type=\"column\" data-e-type=\"column\" data-settings=\"{&quot;animation&quot;:&quot;fadeIn&quot;}\">\n\t\t\t<div class=\"elementor-widget-wrap elementor-element-populated\">\n\t\t\t\t\t\t<div class=\"elementor-element elementor-element-dcc00e3 elementor-widget elementor-widget-infetech_elementor_heading\" data-id=\"dcc00e3\" data-element_type=\"widget\" data-e-type=\"widget\" data-widget_type=\"infetech_elementor_heading.default\">\n\t\t\t\t<div class=\"elementor-widget-container\">\n\t\t\t\t\t\n\t\t\t<div class=\"ova-heading\">\n\t\t\t\t\n\t\t\t\t\n\t\t\t\t\n\t\t\t\t\t<h1 class=\"title\">\t\t\t\t\t\t\t\t\t\t\t\t\tSkid mounted LPG Tanks\t\t\t\t\t\t\t\t\t\t\t<\/h1>\n                \n                \n\t\t\t<\/div>\n\n\t\t\t\t\t\t<\/div>\n\t\t\t\t<\/div>\n\t\t\t\t\t<\/div>\n\t\t<\/div>\n\t\t\t\t\t<\/div>\n\t\t<\/section>\n\t\t\t\t<section class=\"elementor-section elementor-top-section elementor-element elementor-element-286f8df elementor-section-boxed elementor-section-height-default elementor-section-height-default\" data-id=\"286f8df\" data-element_type=\"section\" data-e-type=\"section\">\n\t\t\t\t\t\t<div class=\"elementor-container elementor-column-gap-default\">\n\t\t\t\t\t<div class=\"elementor-column elementor-col-100 elementor-top-column elementor-element elementor-element-11fdf41\" data-id=\"11fdf41\" data-element_type=\"column\" data-e-type=\"column\">\n\t\t\t<div class=\"elementor-widget-wrap elementor-element-populated\">\n\t\t\t\t\t\t<div class=\"elementor-element elementor-element-6a7a645 elementor-widget elementor-widget-html\" data-id=\"6a7a645\" data-element_type=\"widget\" data-e-type=\"widget\" data-widget_type=\"html.default\">\n\t\t\t\t<div class=\"elementor-widget-container\">\n\t\t\t\t\t<style>\n    \n    body section.elementor-section-height-default.header_sticky.mobile_sticky{\n    background: #003da0;\n}\n    \n<\/style>\n<script>\n     jQuery('li#menu-item-10954 a').attr('href','https:\/\/tatsa.mx\/en\/skid-mounted-lpg-tanks\/');\n<\/script>\t\t\t\t<\/div>\n\t\t\t\t<\/div>\n\t\t\t\t\t<\/div>\n\t\t<\/div>\n\t\t\t\t\t<\/div>\n\t\t<\/section>\n\t\t\t\t<section class=\"elementor-section elementor-top-section elementor-element elementor-element-c876f6f elementor-section-boxed elementor-section-height-default elementor-section-height-default\" data-id=\"c876f6f\" data-element_type=\"section\" data-e-type=\"section\" data-settings=\"{&quot;background_background&quot;:&quot;classic&quot;}\">\n\t\t\t\t\t\t\t<div class=\"elementor-background-overlay\"><\/div>\n\t\t\t\t\t\t\t<div class=\"elementor-container elementor-column-gap-default\">\n\t\t\t\t\t<div class=\"elementor-column elementor-col-100 elementor-top-column elementor-element elementor-element-fc209a5\" data-id=\"fc209a5\" data-element_type=\"column\" data-e-type=\"column\">\n\t\t\t<div class=\"elementor-widget-wrap elementor-element-populated\">\n\t\t\t\t\t\t<div class=\"elementor-element elementor-element-44d369c elementor-widget elementor-widget-ucaddon_card_carousel\" data-id=\"44d369c\" data-element_type=\"widget\" data-e-type=\"widget\" data-widget_type=\"ucaddon_card_carousel.default\">\n\t\t\t\t<div class=\"elementor-widget-container\">\n\t\t\t\t\t\n<!-- start Card Carousel -->\n\t\t<link id='font-awesome-css' href='https:\/\/tatsa.mx\/wp-content\/plugins\/unlimited-elements-for-elementor\/assets_libraries\/font-awesome6\/fontawesome-all.min.css' type='text\/css' rel='stylesheet' >\n\t\t<link id='font-awesome-4-shim-css' href='https:\/\/tatsa.mx\/wp-content\/plugins\/unlimited-elements-for-elementor\/assets_libraries\/font-awesome6\/fontawesome-v4-shims.min.css' type='text\/css' rel='stylesheet' >\n\t\t<link id='owl-carousel-css' href='https:\/\/tatsa.mx\/wp-content\/plugins\/unlimited-elements-for-elementor\/assets_libraries\/owl-carousel-new\/assets\/owl.carousel.css' type='text\/css' rel='stylesheet' >\n\n<style>\/* widget: Card Carousel *\/\n\n#uc_card_carousel_elementor_44d369c *{\n\t-webkit-box-sizing: border-box;\n\t-moz-box-sizing: border-box;\n\tbox-sizing: border-box;\n}\n\n#uc_card_carousel_elementor_44d369c .ue-carousel-item\n{\n  overflow:hidden;\n  transition:0.3s;\n}\n\n#uc_card_carousel_elementor_44d369c .uc_classic_carousel_container_holder\n{\n\tdisplay:block;\n\tposition:relative;\n\twidth:100%;\n    box-sizing: border-box;\n}\n.card_carousel_title\n{\n\tfont-size:21px;\n}\n\n.uc_classic_carousel .uc_classic_carousel_border\n{\n\tdisplay:block;\n    margin:0 auto;\n}\n\n.uc_classic_carousel  .uc_classic_carousel_placeholder img\n{\n\twidth:100%;\n    \n    display:inline-flex;\n}\n.uc_classic_carousel .uc_classic_carousel_content\n{\n  display: flex;\n flex-flow: column nowrap;\n}\n\n.uc_classic_carousel .ue_button\n{\n  margin-top:auto;\n\n}\n\n.uc_classic_carousel .uc_classic_carousel_content .uc_more_btn {\n\tdisplay:inline-block;\n\ttext-decoration:none;\n\ttransition: all 0.5s ease;\n}\n\n\n#uc_card_carousel_elementor_44d369c .owl-dots {\noverflow:hidden;\ntext-align:center;\n}\n\n#uc_card_carousel_elementor_44d369c .owl-dot {\nborder-radius:50%;\ndisplay:inline-block;\n}\n\n#uc_card_carousel_elementor_44d369c .owl-nav .owl-prev{\n    position:absolute;\n    display:inline-block;\n    text-align:center;\n}\n#uc_card_carousel_elementor_44d369c .owl-nav .owl-next{\n  position:absolute;\n  display:inline-block;\n  text-align:center;\n}\n\n#uc_card_carousel_elementor_44d369c .owl-nav .disabled\n{\n    display: none;  \n}\n\n\n#uc_card_carousel_elementor_44d369c .ue-item-icon\n{\n  line-height:1em;\n  display:inline-flex;\n  justify-content:center;\n  align-items:center;\n  \n}\n\n#uc_card_carousel_elementor_44d369c .ue-item-icon svg\n{\n  height:1em;\n  width:1em;\n}\n\n#uc_card_carousel_elementor_44d369c .ue-item-icon-wrapper\n{\n  display:flex;\n}\n\n\n\n\n<\/style>\n\n<div class=\"uc_classic_carousel\" >\n        <div class=\"uc_carousel owl-carousel\" id=\"uc_card_carousel_elementor_44d369c\" >\n          \t<div class=\"uc_classic_carousel_container_holder ue-item elementor-repeater-item-78c27b8\">\n  <div class=\"ue-carousel-item\">\n      <div class=\"uc_classic_carousel_placeholder\">\n          <img fetchpriority=\"high\" decoding=\"async\" src=\"https:\/\/tatsa.mx\/wp-content\/uploads\/2026\/02\/TanquedePlantaconSKID_1-1-1.jpg\"  alt=\"TanquedePlantaconSKID ()\" width=\"2089\" height=\"1372\">\n      <\/div>\n    <div class=\"uc_classic_carousel_content\" style=\"direction:ltr;\">\n    \n    \n        \n    \t\n    \n      \n        \n    \n    \t\n    \n    \n    \t\n  <\/div>\n  <\/div>\n<\/div>\n<div class=\"uc_classic_carousel_container_holder ue-item elementor-repeater-item-f589a86\">\n  <div class=\"ue-carousel-item\">\n      <div class=\"uc_classic_carousel_placeholder\">\n          <img decoding=\"async\" src=\"https:\/\/tatsa.mx\/wp-content\/uploads\/2026\/02\/TanquedePlantaconSKID_2-1.jpg\"  alt=\"TanquedePlantaconSKID ()\" width=\"1567\" height=\"1029\">\n      <\/div>\n    <div class=\"uc_classic_carousel_content\" style=\"direction:ltr;\">\n    \n    \n        \n    \t\n    \n      \n        \n    \n    \t\n    \n    \n    \t\n  <\/div>\n  <\/div>\n<\/div>\n<div class=\"uc_classic_carousel_container_holder ue-item elementor-repeater-item-a9bf99e\">\n  <div class=\"ue-carousel-item\">\n      <div class=\"uc_classic_carousel_placeholder\">\n          <img decoding=\"async\" src=\"https:\/\/tatsa.mx\/wp-content\/uploads\/2026\/02\/TanquedePlantaconSKID_3.jpg\"  alt=\"TanquedePlantaconSKID\" width=\"2089\" height=\"1372\">\n      <\/div>\n    <div class=\"uc_classic_carousel_content\" style=\"direction:ltr;\">\n    \n    \n        \n    \t\n    \n      \n        \n    \n    \t\n    \n    \n    \t\n  <\/div>\n  <\/div>\n<\/div>\n<div class=\"uc_classic_carousel_container_holder ue-item elementor-repeater-item-bb78991\">\n  <div class=\"ue-carousel-item\">\n      <div class=\"uc_classic_carousel_placeholder\">\n          <img loading=\"lazy\" decoding=\"async\" src=\"https:\/\/tatsa.mx\/wp-content\/uploads\/2026\/02\/TanquedePlantaconSKID_4-1-1.jpg\"  alt=\"TanquedePlantaconSKID ()\" width=\"1949\" height=\"1281\">\n      <\/div>\n    <div class=\"uc_classic_carousel_content\" style=\"direction:ltr;\">\n    \n    \n        \n    \t\n    \n      \n        \n    \n    \t\n    \n    \n    \t\n  <\/div>\n  <\/div>\n<\/div>\n<div class=\"uc_classic_carousel_container_holder ue-item elementor-repeater-item-1cdabc7\">\n  <div class=\"ue-carousel-item\">\n      <div class=\"uc_classic_carousel_placeholder\">\n          <img loading=\"lazy\" decoding=\"async\" src=\"https:\/\/tatsa.mx\/wp-content\/uploads\/2026\/02\/TanquedePlantaconSKID_5.jpg\"  alt=\"TanquedePlantaconSKID\" width=\"1567\" height=\"1029\">\n      <\/div>\n    <div class=\"uc_classic_carousel_content\" style=\"direction:ltr;\">\n    \n    \n        \n    \t\n    \n      \n        \n    \n    \t\n    \n    \n    \t\n  <\/div>\n  <\/div>\n<\/div>\n<div class=\"uc_classic_carousel_container_holder ue-item elementor-repeater-item-f94e088\">\n  <div class=\"ue-carousel-item\">\n      <div class=\"uc_classic_carousel_placeholder\">\n          <img loading=\"lazy\" decoding=\"async\" src=\"https:\/\/tatsa.mx\/wp-content\/uploads\/2026\/02\/TanquedePlantaconSKID_6.jpg\"  alt=\"TanquedePlantaconSKID\" width=\"1462\" height=\"961\">\n      <\/div>\n    <div class=\"uc_classic_carousel_content\" style=\"direction:ltr;\">\n    \n    \n        \n    \t\n    \n      \n        \n    \n    \t\n    \n    \n    \t\n  <\/div>\n  <\/div>\n<\/div>\n<div class=\"uc_classic_carousel_container_holder ue-item elementor-repeater-item-3694a4a\">\n  <div class=\"ue-carousel-item\">\n      <div class=\"uc_classic_carousel_placeholder\">\n          <img loading=\"lazy\" decoding=\"async\" src=\"https:\/\/tatsa.mx\/wp-content\/uploads\/2026\/02\/TanquedePlantaconSKID_7-1.jpg\"  alt=\"TanquedePlantaconSKID ()\" width=\"1668\" height=\"1259\">\n      <\/div>\n    <div class=\"uc_classic_carousel_content\" style=\"direction:ltr;\">\n    \n    \n        \n    \t\n    \n      \n        \n    \n    \t\n    \n    \n    \t\n  <\/div>\n  <\/div>\n<\/div>\n\n      <\/div>\n<\/div>\n<!-- end Card Carousel -->\t\t\t\t<\/div>\n\t\t\t\t<\/div>\n\t\t\t\t<section class=\"elementor-section elementor-inner-section elementor-element elementor-element-13b5cf9 elementor-section-full_width elementor-section-height-default elementor-section-height-default elementor-invisible\" data-id=\"13b5cf9\" data-element_type=\"section\" data-e-type=\"section\" data-settings=\"{&quot;animation&quot;:&quot;fadeIn&quot;}\">\n\t\t\t\t\t\t<div class=\"elementor-container elementor-column-gap-default\">\n\t\t\t\t\t<div class=\"elementor-column elementor-col-100 elementor-inner-column elementor-element elementor-element-a9eaef3\" data-id=\"a9eaef3\" data-element_type=\"column\" data-e-type=\"column\" data-settings=\"{&quot;background_background&quot;:&quot;classic&quot;}\">\n\t\t\t<div class=\"elementor-widget-wrap elementor-element-populated\">\n\t\t\t\t\t<div class=\"elementor-background-overlay\"><\/div>\n\t\t\t\t\t\t<div class=\"elementor-element elementor-element-bab34f0 elementor-widget elementor-widget-text-editor\" data-id=\"bab34f0\" data-element_type=\"widget\" data-e-type=\"widget\" data-widget_type=\"text-editor.default\">\n\t\t\t\t<div class=\"elementor-widget-container\">\n\t\t\t\t\t\t\t\t\t<p><span style=\"font-weight: 400;\">Ofrecemos recipientes montados sobre pat\u00edn (skid) con plomer\u00eda; completamente equipados, la soluci\u00f3n perfecta para sus necesidades de almacenamiento, esta opci\u00f3n se encuentra lista para instalarse en sitio, <\/span><b>incluye todo lo necesario para comenzar a operar.<\/b><\/p><ul><li style=\"font-weight: 400;\" aria-level=\"1\"><span style=\"font-weight: 400;\">Dise\u00f1ados y fabricados conforme al <\/span><b>c\u00f3digo ASME<\/b><span style=\"font-weight: 400;\">, secci\u00f3n VIII, Divisi\u00f3n 1 y NFPA 58.<\/span><\/li><\/ul><ul><li style=\"list-style-type: none;\"><ul><li style=\"font-weight: 400;\" aria-level=\"1\"><span style=\"font-weight: 400;\">Capacidades disponibles <\/span><b>18,000 y 30,000 galones.<\/b><\/li><li style=\"font-weight: 400;\" aria-level=\"1\"><b>Somos una marca con 70 a\u00f1os de experiencia <\/b><span style=\"font-weight: 400;\">fabricando tanque para almacenamiento de GLP.<\/span><\/li><li style=\"font-weight: 400;\" aria-level=\"1\"><span style=\"font-weight: 400;\">Productos manufacturados bajo un Sistema de Gesti\u00f3n de Calidad certificado seg\u00fan la <\/span><b>norma ISO 9001:2015.<\/b><\/li><li style=\"font-weight: 400;\" aria-level=\"1\"><span style=\"font-weight: 400;\">Experiencia en maniobras y traslados.<\/span><\/li><\/ul><\/li><\/ul><ul><li aria-level=\"1\"><span style=\"font-weight: 400;\">Desarrollamos soluciones para el almacenamiento de GLP <\/span><b>en Am\u00e9rica, Sudam\u00e9rica, caribe y Asia.<\/b><\/li><\/ul><ul><li style=\"font-weight: 400;\" aria-level=\"1\"><span style=\"font-weight: 400;\">Empresa Socialmente Responsable<\/span><\/li><\/ul><p>\u00a0 \u00a0 \u00a0 <img loading=\"lazy\" decoding=\"async\" class=\"wp-image-14416\" src=\"https:\/\/tatsa.mx\/wp-content\/uploads\/2026\/04\/LogoESR-1-300x150.png\" alt=\"LogoESR ()\" width=\"207\" height=\"104\" srcset=\"https:\/\/tatsa.mx\/wp-content\/uploads\/2026\/04\/LogoESR-1-300x150.png 300w, https:\/\/tatsa.mx\/wp-content\/uploads\/2026\/04\/LogoESR-1-1024x512.png 1024w, https:\/\/tatsa.mx\/wp-content\/uploads\/2026\/04\/LogoESR-1-768x384.png 768w, https:\/\/tatsa.mx\/wp-content\/uploads\/2026\/04\/LogoESR-1-18x9.png 18w, https:\/\/tatsa.mx\/wp-content\/uploads\/2026\/04\/LogoESR-1.png 1500w\" sizes=\"(max-width: 207px) 100vw, 207px\" \/>\u00a0<\/p><p>\u00a0<\/p><p><b>Especificaciones:<\/b><\/p><ul><li><span style=\"font-weight: 400;\"> Presi\u00f3n de dise\u00f1o: 17.58 kg\/cm2.<\/span><\/li><li><span style=\"font-weight: 400;\"> Entrada pasahombre de 406 mm de di\u00e1metro interior m\u00ednimo.<\/span><\/li><li><span style=\"font-weight: 400;\"> Tuber\u00edas internas para servicio de vapores.<\/span><\/li><li><span style=\"font-weight: 400;\"> Skid met\u00e1lico.<\/span><\/li><li><span style=\"font-weight: 400;\"> Soporte frontal para el despacho.<\/span><\/li><li><span style=\"font-weight: 400;\"> Tuber\u00eda externa para carga y descarga de transportes.<\/span><\/li><li><span style=\"font-weight: 400;\"> Equipado con bomba de 3\u201d.<\/span><\/li><li><span style=\"font-weight: 400;\"> Medidor opcional.<\/span><\/li><\/ul><p><b>Beneficios:\u00a0<\/b><\/p><ul><li style=\"font-weight: 400;\" aria-level=\"1\"><span style=\"font-weight: 400;\">Puesta en funcionamiento en cuesti\u00f3n de horas tras la entrega.<\/span><\/li><li style=\"font-weight: 400;\" aria-level=\"1\"><span style=\"font-weight: 400;\">Dise\u00f1ado para facilitar la instalaci\u00f3n y pronta operaci\u00f3n.<\/span><\/li><li style=\"font-weight: 400;\" aria-level=\"1\"><span style=\"font-weight: 400;\">Se puede trasladar de un lugar a otro seg\u00fan sus necesidades.<\/span><\/li><li style=\"font-weight: 400;\" aria-level=\"1\"><span style=\"font-weight: 400;\">No requiere cimentaci\u00f3n especial.<\/span><\/li><\/ul>\t\t\t\t\t\t\t\t<\/div>\n\t\t\t\t<\/div>\n\t\t\t\t<div class=\"elementor-element elementor-element-9f5ef27 elementor-widget elementor-widget-image\" data-id=\"9f5ef27\" data-element_type=\"widget\" data-e-type=\"widget\" data-widget_type=\"image.default\">\n\t\t\t\t<div class=\"elementor-widget-container\">\n\t\t\t\t\t\t\t\t\t\t\t\t\t\t\t<img loading=\"lazy\" decoding=\"async\" width=\"2560\" height=\"850\" src=\"https:\/\/tatsa.mx\/wp-content\/uploads\/2026\/02\/PLANO_TANQUEPLANTASKID-scaled.jpg\" class=\"attachment-full size-full wp-image-14314\" alt=\"PLANO TANQUEPLANTASKID\" srcset=\"https:\/\/tatsa.mx\/wp-content\/uploads\/2026\/02\/PLANO_TANQUEPLANTASKID-scaled.jpg 2560w, https:\/\/tatsa.mx\/wp-content\/uploads\/2026\/02\/PLANO_TANQUEPLANTASKID-300x100.jpg 300w, https:\/\/tatsa.mx\/wp-content\/uploads\/2026\/02\/PLANO_TANQUEPLANTASKID-1024x340.jpg 1024w, https:\/\/tatsa.mx\/wp-content\/uploads\/2026\/02\/PLANO_TANQUEPLANTASKID-768x255.jpg 768w, https:\/\/tatsa.mx\/wp-content\/uploads\/2026\/02\/PLANO_TANQUEPLANTASKID-1536x510.jpg 1536w, https:\/\/tatsa.mx\/wp-content\/uploads\/2026\/02\/PLANO_TANQUEPLANTASKID-2048x680.jpg 2048w, https:\/\/tatsa.mx\/wp-content\/uploads\/2026\/02\/PLANO_TANQUEPLANTASKID-18x6.jpg 18w\" sizes=\"(max-width: 2560px) 100vw, 2560px\" \/>\t\t\t\t\t\t\t\t\t\t\t\t\t\t\t<\/div>\n\t\t\t\t<\/div>\n\t\t\t\t<div class=\"elementor-element elementor-element-f196785 elementor-widget elementor-widget-text-editor\" data-id=\"f196785\" data-element_type=\"widget\" data-e-type=\"widget\" data-widget_type=\"text-editor.default\">\n\t\t\t\t<div class=\"elementor-widget-container\">\n\t\t\t\t\t\t\t\t\t<p>We invite you to consult our technical sheet for more information.<\/p>\t\t\t\t\t\t\t\t<\/div>\n\t\t\t\t<\/div>\n\t\t\t\t<div class=\"elementor-element elementor-element-56ef314 elementor-align-center elementor-tablet-align-center elementor-widget elementor-widget-button\" data-id=\"56ef314\" data-element_type=\"widget\" data-e-type=\"widget\" data-widget_type=\"button.default\">\n\t\t\t\t<div class=\"elementor-widget-container\">\n\t\t\t\t\t\t\t\t\t<div class=\"elementor-button-wrapper\">\n\t\t\t\t\t<a class=\"elementor-button elementor-button-link elementor-size-sm\" href=\"https:\/\/tatsa.mx\/wp-content\/uploads\/2026\/02\/FichaTecnica_TANQUEDEPLANTASOBRESKID.pdf\" target=\"_blank\">\n\t\t\t\t\t\t<span class=\"elementor-button-content-wrapper\">\n\t\t\t\t\t\t\t\t\t<span class=\"elementor-button-text\">TECHNICAL SHEET<\/span>\n\t\t\t\t\t<\/span>\n\t\t\t\t\t<\/a>\n\t\t\t\t<\/div>\n\t\t\t\t\t\t\t\t<\/div>\n\t\t\t\t<\/div>\n\t\t\t\t\t<\/div>\n\t\t<\/div>\n\t\t\t\t\t<\/div>\n\t\t<\/section>\n\t\t\t\t<section class=\"elementor-section elementor-inner-section elementor-element elementor-element-8631ca1 elementor-section-full_width elementor-section-height-default elementor-section-height-default elementor-invisible\" data-id=\"8631ca1\" data-element_type=\"section\" data-e-type=\"section\" data-settings=\"{&quot;animation&quot;:&quot;fadeIn&quot;}\">\n\t\t\t\t\t\t<div class=\"elementor-container elementor-column-gap-default\">\n\t\t\t\t\t<div class=\"elementor-column elementor-col-50 elementor-inner-column elementor-element elementor-element-7cc4c69\" data-id=\"7cc4c69\" data-element_type=\"column\" data-e-type=\"column\" data-settings=\"{&quot;background_background&quot;:&quot;classic&quot;}\">\n\t\t\t<div class=\"elementor-widget-wrap elementor-element-populated\">\n\t\t\t\t\t<div class=\"elementor-background-overlay\"><\/div>\n\t\t\t\t\t\t<div class=\"elementor-element elementor-element-8c949ee elementor-align-center elementor-tablet-align-center elementor-widget elementor-widget-button\" data-id=\"8c949ee\" data-element_type=\"widget\" data-e-type=\"widget\" data-widget_type=\"button.default\">\n\t\t\t\t<div class=\"elementor-widget-container\">\n\t\t\t\t\t\t\t\t\t<div class=\"elementor-button-wrapper\">\n\t\t\t\t\t<a class=\"elementor-button elementor-button-link elementor-size-sm\" href=\"https:\/\/tatsa.mx\/en\/cotiza-para-mexico\/\">\n\t\t\t\t\t\t<span class=\"elementor-button-content-wrapper\">\n\t\t\t\t\t\t\t\t\t<span class=\"elementor-button-text\">QUOTE FOR MEXICO<\/span>\n\t\t\t\t\t<\/span>\n\t\t\t\t\t<\/a>\n\t\t\t\t<\/div>\n\t\t\t\t\t\t\t\t<\/div>\n\t\t\t\t<\/div>\n\t\t\t\t<div class=\"elementor-element elementor-element-53f2ab6 elementor-widget elementor-widget-image\" data-id=\"53f2ab6\" data-element_type=\"widget\" data-e-type=\"widget\" data-widget_type=\"image.default\">\n\t\t\t\t<div class=\"elementor-widget-container\">\n\t\t\t\t\t\t\t\t\t\t\t\t\t\t\t<img loading=\"lazy\" decoding=\"async\" width=\"1029\" height=\"122\" src=\"https:\/\/tatsa.mx\/wp-content\/uploads\/2023\/01\/tatsa-mx.webp\" class=\"attachment-full size-full wp-image-9822\" alt=\"tatsa mx\" srcset=\"https:\/\/tatsa.mx\/wp-content\/uploads\/2023\/01\/tatsa-mx.webp 1029w, https:\/\/tatsa.mx\/wp-content\/uploads\/2023\/01\/tatsa-mx-300x36.webp 300w, https:\/\/tatsa.mx\/wp-content\/uploads\/2023\/01\/tatsa-mx-1024x121.webp 1024w, https:\/\/tatsa.mx\/wp-content\/uploads\/2023\/01\/tatsa-mx-768x91.webp 768w\" sizes=\"(max-width: 1029px) 100vw, 1029px\" \/>\t\t\t\t\t\t\t\t\t\t\t\t\t\t\t<\/div>\n\t\t\t\t<\/div>\n\t\t\t\t\t<\/div>\n\t\t<\/div>\n\t\t\t\t<div class=\"elementor-column elementor-col-50 elementor-inner-column elementor-element elementor-element-2479a3a\" data-id=\"2479a3a\" data-element_type=\"column\" data-e-type=\"column\" data-settings=\"{&quot;background_background&quot;:&quot;classic&quot;}\">\n\t\t\t<div class=\"elementor-widget-wrap elementor-element-populated\">\n\t\t\t\t\t<div class=\"elementor-background-overlay\"><\/div>\n\t\t\t\t\t\t<div class=\"elementor-element elementor-element-f1224e3 elementor-align-center elementor-tablet-align-center elementor-widget elementor-widget-button\" data-id=\"f1224e3\" data-element_type=\"widget\" data-e-type=\"widget\" data-widget_type=\"button.default\">\n\t\t\t\t<div class=\"elementor-widget-container\">\n\t\t\t\t\t\t\t\t\t<div class=\"elementor-button-wrapper\">\n\t\t\t\t\t<a class=\"elementor-button elementor-button-link elementor-size-sm\" href=\"https:\/\/tatsa.mx\/en\/cotiza-para-internacional\/\">\n\t\t\t\t\t\t<span class=\"elementor-button-content-wrapper\">\n\t\t\t\t\t\t\t\t\t<span class=\"elementor-button-text\">QUOTE OTHER COUNTRIES<\/span>\n\t\t\t\t\t<\/span>\n\t\t\t\t\t<\/a>\n\t\t\t\t<\/div>\n\t\t\t\t\t\t\t\t<\/div>\n\t\t\t\t<\/div>\n\t\t\t\t<div class=\"elementor-element elementor-element-67249dc elementor-widget elementor-widget-image\" data-id=\"67249dc\" data-element_type=\"widget\" data-e-type=\"widget\" data-widget_type=\"image.default\">\n\t\t\t\t<div class=\"elementor-widget-container\">\n\t\t\t\t\t\t\t\t\t\t\t\t\t\t\t<img loading=\"lazy\" decoding=\"async\" width=\"899\" height=\"272\" src=\"https:\/\/tatsa.mx\/wp-content\/uploads\/2023\/01\/tatsa-int.webp\" class=\"attachment-full size-full wp-image-9812\" alt=\"tatsa int\" srcset=\"https:\/\/tatsa.mx\/wp-content\/uploads\/2023\/01\/tatsa-int.webp 899w, https:\/\/tatsa.mx\/wp-content\/uploads\/2023\/01\/tatsa-int-300x91.webp 300w, https:\/\/tatsa.mx\/wp-content\/uploads\/2023\/01\/tatsa-int-768x232.webp 768w\" sizes=\"(max-width: 899px) 100vw, 899px\" \/>\t\t\t\t\t\t\t\t\t\t\t\t\t\t\t<\/div>\n\t\t\t\t<\/div>\n\t\t\t\t\t<\/div>\n\t\t<\/div>\n\t\t\t\t\t<\/div>\n\t\t<\/section>\n\t\t\t\t\t<\/div>\n\t\t<\/div>\n\t\t\t\t\t<\/div>\n\t\t<\/section>\n\t\t\t\t<\/div>","protected":false},"excerpt":{"rendered":"<p>Tanques ASME con skid Ofrecemos recipientes montados sobre pat\u00edn (skid) con plomer\u00eda; completamente equipados, la soluci\u00f3n perfecta para sus necesidades de almacenamiento, esta opci\u00f3n se encuentra lista para instalarse en sitio, incluye todo lo necesario para comenzar a operar. Dise\u00f1ados y fabricados conforme al c\u00f3digo ASME, secci\u00f3n VIII, Divisi\u00f3n 1 y NFPA 58. Capacidades disponibles [&hellip;]<\/p>\n","protected":false},"author":5,"featured_media":0,"parent":0,"menu_order":0,"comment_status":"closed","ping_status":"closed","template":"elementor_header_footer","meta":{"_acf_changed":false,"_monsterinsights_skip_tracking":false,"_monsterinsights_sitenote_active":false,"_monsterinsights_sitenote_note":"","_monsterinsights_sitenote_category":0,"footnotes":""},"class_list":["post-14287","page","type-page","status-publish","hentry"],"acf":[],"aioseo_notices":[],"_links":{"self":[{"href":"https:\/\/tatsa.mx\/en\/wp-json\/wp\/v2\/pages\/14287","targetHints":{"allow":["GET"]}}],"collection":[{"href":"https:\/\/tatsa.mx\/en\/wp-json\/wp\/v2\/pages"}],"about":[{"href":"https:\/\/tatsa.mx\/en\/wp-json\/wp\/v2\/types\/page"}],"author":[{"embeddable":true,"href":"https:\/\/tatsa.mx\/en\/wp-json\/wp\/v2\/users\/5"}],"replies":[{"embeddable":true,"href":"https:\/\/tatsa.mx\/en\/wp-json\/wp\/v2\/comments?post=14287"}],"version-history":[{"count":22,"href":"https:\/\/tatsa.mx\/en\/wp-json\/wp\/v2\/pages\/14287\/revisions"}],"predecessor-version":[{"id":14419,"href":"https:\/\/tatsa.mx\/en\/wp-json\/wp\/v2\/pages\/14287\/revisions\/14419"}],"wp:attachment":[{"href":"https:\/\/tatsa.mx\/en\/wp-json\/wp\/v2\/media?parent=14287"}],"curies":[{"name":"wp","href":"https:\/\/api.w.org\/{rel}","templated":true}]}}