{"id":7953,"date":"2022-12-15T23:10:35","date_gmt":"2022-12-15T23:10:35","guid":{"rendered":"https:\/\/tatsa.mx\/?page_id=7953"},"modified":"2026-02-06T16:05:00","modified_gmt":"2026-02-06T22:05:00","slug":"cotiza-para-mexico","status":"publish","type":"page","link":"https:\/\/tatsa.mx\/en\/cotiza-para-mexico\/","title":{"rendered":"Contact us Mexico"},"content":{"rendered":"\t\t<div data-elementor-type=\"wp-page\" data-elementor-id=\"7953\" class=\"elementor elementor-7953\">\n\t\t\t\t\t\t<section class=\"elementor-section elementor-top-section elementor-element elementor-element-6521601 elementor-section-boxed elementor-section-height-default elementor-section-height-default\" data-id=\"6521601\" data-element_type=\"section\" data-e-type=\"section\">\n\t\t\t\t\t\t<div class=\"elementor-container elementor-column-gap-default\">\n\t\t\t\t\t<div class=\"elementor-column elementor-col-100 elementor-top-column elementor-element elementor-element-232ea0e\" data-id=\"232ea0e\" data-element_type=\"column\" data-e-type=\"column\">\n\t\t\t<div class=\"elementor-widget-wrap elementor-element-populated\">\n\t\t\t\t\t\t<div class=\"elementor-element elementor-element-a01573c elementor-widget elementor-widget-html\" data-id=\"a01573c\" data-element_type=\"widget\" data-e-type=\"widget\" data-widget_type=\"html.default\">\n\t\t\t\t<div class=\"elementor-widget-container\">\n\t\t\t\t\t<style>\n    \n    body section.elementor-section-height-default.header_sticky.mobile_sticky{\n    background: #003da0;\n}\n    \n<\/style>\t\t\t\t<\/div>\n\t\t\t\t<\/div>\n\t\t\t\t\t<\/div>\n\t\t<\/div>\n\t\t\t\t\t<\/div>\n\t\t<\/section>\n\t\t\t\t<section class=\"elementor-section elementor-top-section elementor-element elementor-element-d010fef elementor-section-boxed elementor-section-height-default elementor-section-height-default\" data-id=\"d010fef\" data-element_type=\"section\" data-e-type=\"section\" data-settings=\"{&quot;background_background&quot;:&quot;classic&quot;}\">\n\t\t\t\t\t\t\t<div class=\"elementor-background-overlay\"><\/div>\n\t\t\t\t\t\t\t<div class=\"elementor-container elementor-column-gap-default\">\n\t\t\t\t\t<div class=\"elementor-column elementor-col-100 elementor-top-column elementor-element elementor-element-d8d32c4 elementor-invisible\" data-id=\"d8d32c4\" data-element_type=\"column\" data-e-type=\"column\" data-settings=\"{&quot;animation&quot;:&quot;fadeIn&quot;}\">\n\t\t\t<div class=\"elementor-widget-wrap elementor-element-populated\">\n\t\t\t\t\t\t<div class=\"elementor-element elementor-element-905db53 elementor-widget elementor-widget-image\" data-id=\"905db53\" data-element_type=\"widget\" data-e-type=\"widget\" data-widget_type=\"image.default\">\n\t\t\t\t<div class=\"elementor-widget-container\">\n\t\t\t\t\t\t\t\t\t\t\t\t\t\t\t<img decoding=\"async\" width=\"239\" height=\"74\" src=\"https:\/\/tatsa.mx\/wp-content\/uploads\/2022\/03\/tatsa-logo.svg\" class=\"attachment-full size-full wp-image-5176\" alt=\"tatsa logo\" \/>\t\t\t\t\t\t\t\t\t\t\t\t\t\t\t<\/div>\n\t\t\t\t<\/div>\n\t\t\t\t<section class=\"elementor-section elementor-inner-section elementor-element elementor-element-bb2c0fe elementor-section-boxed elementor-section-height-default elementor-section-height-default\" data-id=\"bb2c0fe\" data-element_type=\"section\" data-e-type=\"section\">\n\t\t\t\t\t\t<div class=\"elementor-container elementor-column-gap-default\">\n\t\t\t\t\t<div class=\"elementor-column elementor-col-100 elementor-inner-column elementor-element elementor-element-ea50af8\" data-id=\"ea50af8\" data-element_type=\"column\" data-e-type=\"column\">\n\t\t\t<div class=\"elementor-widget-wrap elementor-element-populated\">\n\t\t\t\t\t\t<div class=\"elementor-element elementor-element-fac7575 elementor-widget elementor-widget-accordion\" data-id=\"fac7575\" data-element_type=\"widget\" data-e-type=\"widget\" data-widget_type=\"accordion.default\">\n\t\t\t\t<div class=\"elementor-widget-container\">\n\t\t\t\t\t\t\t<div class=\"elementor-accordion\">\n\t\t\t\t\t\t\t<div class=\"elementor-accordion-item\">\n\t\t\t\t\t<div id=\"elementor-tab-title-2621\" class=\"elementor-tab-title\" data-tab=\"1\" role=\"button\" aria-controls=\"elementor-tab-content-2621\" aria-expanded=\"false\">\n\t\t\t\t\t\t\t\t\t\t\t\t<a class=\"elementor-accordion-title\" tabindex=\"0\">Cotiza para M\u00e9xico<\/a>\n\t\t\t\t\t<\/div>\n\t\t\t\t\t<div id=\"elementor-tab-content-2621\" class=\"elementor-tab-content elementor-clearfix\" data-tab=\"1\" role=\"region\" aria-labelledby=\"elementor-tab-title-2621\"><p>\n<div class=\"wpcf7 no-js\" id=\"wpcf7-f5980-o3\" lang=\"es-ES\" dir=\"ltr\" data-wpcf7-id=\"5980\">\n<div class=\"screen-reader-response\"><p role=\"status\" aria-live=\"polite\" aria-atomic=\"true\"><\/p> <ul><\/ul><\/div>\n<form action=\"\/wp-cron.php?doing_wp_cron=1777589181.5744450092315673828125#wpcf7-f5980-o3\" method=\"post\" class=\"wpcf7-form init\" aria-label=\"Formulario de contacto\" novalidate=\"novalidate\" data-status=\"init\">\n<fieldset class=\"hidden-fields-container\"><input type=\"hidden\" name=\"_wpcf7\" value=\"5980\" \/><input type=\"hidden\" name=\"_wpcf7_version\" value=\"6.1.5\" \/><input type=\"hidden\" name=\"_wpcf7_locale\" value=\"es_ES\" \/><input type=\"hidden\" name=\"_wpcf7_unit_tag\" value=\"wpcf7-f5980-o3\" \/><input type=\"hidden\" name=\"_wpcf7_container_post\" value=\"0\" \/><input type=\"hidden\" name=\"_wpcf7_posted_data_hash\" value=\"\" \/>\n<\/fieldset>\n<p><label> Nombre Completo<br \/>\n<span class=\"wpcf7-form-control-wrap\" data-name=\"nombre\"><input size=\"40\" maxlength=\"400\" class=\"wpcf7-form-control wpcf7-text wpcf7-validates-as-required\" aria-required=\"true\" aria-invalid=\"false\" value=\"\" type=\"text\" name=\"nombre\" \/><\/span> <\/label>\n<\/p>\n<p><label> Tel\u00e9fono<br \/>\n<span class=\"wpcf7-form-control-wrap\" data-name=\"telefono\"><input size=\"40\" maxlength=\"400\" class=\"wpcf7-form-control wpcf7-tel wpcf7-validates-as-required wpcf7-text wpcf7-validates-as-tel\" aria-required=\"true\" aria-invalid=\"false\" value=\"\" type=\"tel\" name=\"telefono\" \/><\/span><\/label>\n<\/p>\n<p><label> Email<br \/>\n<span class=\"wpcf7-form-control-wrap\" data-name=\"email\"><input size=\"40\" maxlength=\"400\" class=\"wpcf7-form-control wpcf7-email wpcf7-validates-as-required wpcf7-text wpcf7-validates-as-email\" aria-required=\"true\" aria-invalid=\"false\" value=\"\" type=\"email\" name=\"email\" \/><\/span> <\/label>\n<\/p>\n<p><label> Estado<br \/>\n<span class=\"wpcf7-form-control-wrap\" data-name=\"estado\"><select class=\"wpcf7-form-control wpcf7-select wpcf7-validates-as-required\" aria-required=\"true\" aria-invalid=\"false\" name=\"estado\"><option value=\"\">&#8212;Por favor, elige una opci\u00f3n&#8212;<\/option><option value=\"Aguascalientes\">Aguascalientes<\/option><option value=\"Baja California\">Baja California<\/option><option value=\"Baja California Sur\">Baja California Sur<\/option><option value=\"Campeche\">Campeche<\/option><option value=\"Chiapas\">Chiapas<\/option><option value=\"Chihuahua\">Chihuahua<\/option><option value=\"Coahuila\">Coahuila<\/option><option value=\"Colima\">Colima<\/option><option value=\"CDMX\">CDMX<\/option><option value=\"Durango\">Durango<\/option><option value=\"Estado de M\u00e9xico\">Estado de M\u00e9xico<\/option><option value=\"Guanajuato\">Guanajuato<\/option><option value=\"Guerrero\">Guerrero<\/option><option value=\"Hidalgo\">Hidalgo<\/option><option value=\"Jalisco\">Jalisco<\/option><option value=\"Michoac\u00e1n\">Michoac\u00e1n<\/option><option value=\"Morelos\">Morelos<\/option><option value=\"Nayarit\">Nayarit<\/option><option value=\"Nuevo Le\u00f3n\">Nuevo Le\u00f3n<\/option><option value=\"Oaxaca\">Oaxaca<\/option><option value=\"Puebla\">Puebla<\/option><option value=\"Quer\u00e9taro\">Quer\u00e9taro<\/option><option value=\"Quintana Roo\">Quintana Roo<\/option><option value=\"San Luis Potos\u00ed\">San Luis Potos\u00ed<\/option><option value=\"Sinaloa\">Sinaloa<\/option><option value=\"Sonora\">Sonora<\/option><option value=\"Tabasco\">Tabasco<\/option><option value=\"Tamaulipas\">Tamaulipas<\/option><option value=\"Tlaxcala\">Tlaxcala<\/option><option value=\"Veracruz\">Veracruz<\/option><option value=\"Yucat\u00e1n\">Yucat\u00e1n<\/option><option value=\"Zacatecas\">Zacatecas<\/option><\/select><\/span> <\/label>\n<\/p>\n<p><label> Producto<br \/>\n<span class=\"wpcf7-form-control-wrap\" data-name=\"producto-mex\"><select class=\"wpcf7-form-control wpcf7-select wpcf7-validates-as-required\" aria-required=\"true\" aria-invalid=\"false\" name=\"producto-mex\"><option value=\"\">&#8212;Por favor, elige una opci\u00f3n&#8212;<\/option><option value=\"Accesorios\">Accesorios<\/option><option value=\"Alcantarilla\">Alcantarilla<\/option><option value=\"Autotanques\">Autotanques<\/option><option value=\"Cabezas\">Cabezas<\/option><option value=\"Cilindros\">Cilindros<\/option><option value=\"Esferas\">Esferas<\/option><option value=\"Gaseras\">Gaseras<\/option><option value=\"Nodrizas y aplicadores\">Nodrizas y aplicadores<\/option><option value=\"Semirremolques\">Semirremolques<\/option><option value=\"Semirremolques para gasolina\">Semirremolques para gasolina<\/option><option value=\"Tanque estacionario tipo esfera\">Tanque estacionario tipo esfera<\/option><option value=\"Tanques API\">Tanques API<\/option><option value=\"Tanques Criog\u00e9nicos\">Tanques Criog\u00e9nicos<\/option><option value=\"Tanques de carburaci\u00f3n\">Tanques de carburaci\u00f3n<\/option><option value=\"Tanques de cloro (1 tonelada)\">Tanques de cloro (1 tonelada)<\/option><option value=\"Tanques de planta GLP, NH3, otro\">Tanques de planta GLP, NH3, otro<\/option><option value=\"Tanques de planta para cloro\">Tanques de planta para cloro<\/option><option value=\"Tanques estacionarios horizontales\">Tanques estacionarios horizontales<\/option><option value=\"Tanques estacionarios verticales\">Tanques estacionarios verticales<\/option><option value=\"Tanques para aire\">Tanques para aire<\/option><option value=\"Tanques horizontales para CO2\">Tanques horizontales para CO2<\/option><option value=\"Tanques Verticales para Gas Natural Liquido\">Tanques Verticales para Gas Natural Liquido<\/option><option value=\"Tanques de planta con Skid NOM\">Tanques de planta con Skid NOM<\/option><option value=\"Productos para refinaci\u00f3n\">Productos para refinaci\u00f3n<\/option><\/select><\/span> <\/label>\n<\/p>\n<div id=\"grupo-mayoreo\" style=\"display: none; margin-top:20px; text-align: center;\">\n\t<p><span class=\"wpcf7-form-control-wrap\" data-name=\"mayoreo\"><span class=\"wpcf7-form-control wpcf7-radio\"><span class=\"wpcf7-list-item first\"><label><input type=\"radio\" name=\"mayoreo\" value=\"1 pieza\" \/><span class=\"wpcf7-list-item-label\">1 pieza<\/span><\/label><\/span><span class=\"wpcf7-list-item last\"><label><input type=\"radio\" name=\"mayoreo\" value=\"Mayoreo a partir de 8 piezas\" checked=\"checked\" \/><span class=\"wpcf7-list-item-label\">Mayoreo a partir de 8 piezas<\/span><\/label><\/span><\/span><\/span>\n\t<\/p>\n\t<p><label id=\"label-message\" style=\"margin-top: 30px; display: block; text-align: center; width: 100%;\"><\/label>\n\t<\/p>\n<\/div>\n<p><label><br \/>\n\t<input class=\"wpcf7-form-control wpcf7-hidden\" value=\"\" type=\"hidden\" name=\"destino-mex\" \/><\/label>\n<\/p>\n<p><label><br \/>\n\t<input class=\"wpcf7-form-control wpcf7-hidden\" value=\"\" type=\"hidden\" name=\"mail-lead\" \/><\/label>\n<\/p>\n<p><label><br \/>\n\t<input class=\"wpcf7-form-control wpcf7-hidden\" value=\"\" type=\"hidden\" name=\"subject-mayoreo\" \/><\/label>\n<\/p>\n<p><label> Sitio web<br \/>\n<span class=\"wpcf7-form-control-wrap\" data-name=\"web\"><input size=\"40\" maxlength=\"400\" class=\"wpcf7-form-control wpcf7-text\" aria-invalid=\"false\" value=\"\" type=\"text\" name=\"web\" \/><\/span> <\/label>\n<\/p>\n<p><label> Mensaje (opcional)<br \/>\n<span class=\"wpcf7-form-control-wrap\" data-name=\"your-message\"><textarea cols=\"40\" rows=\"10\" maxlength=\"2000\" class=\"wpcf7-form-control wpcf7-textarea\" aria-invalid=\"false\" name=\"your-message\"><\/textarea><\/span> <\/label>\n<\/p>\n<p><label><br \/>\n<span class=\"wpcf7-form-control-wrap\" data-name=\"acepto\"><span class=\"wpcf7-form-control wpcf7-acceptance\"><span class=\"wpcf7-list-item\"><label><input type=\"checkbox\" name=\"acepto\" value=\"1\" aria-invalid=\"false\" \/><span class=\"wpcf7-list-item-label\">Aceptas nuestros <a target=\"_blank\" href=\"https:\/\/tatsa.mx\/terminos-de-uso\/\">T\u00e9rminos de Uso<\/a><\/span><\/label><\/span><\/span><\/span><\/label><br \/>\n<label><br \/>\n<span class=\"wpcf7-form-control-wrap\" data-name=\"aviso\"><span class=\"wpcf7-form-control wpcf7-acceptance\"><span class=\"wpcf7-list-item\"><label><input type=\"checkbox\" name=\"aviso\" value=\"1\" aria-invalid=\"false\" \/><span class=\"wpcf7-list-item-label\">He le\u00eddo el <a target=\"_blank\" href=\"https:\/\/tatsa.mx\/aviso-de-privacidad\/\">Aviso de Privacidad<\/a><\/span><\/label><\/span><\/span><\/span><\/label>\n<\/p>\n<p><input class=\"wpcf7-form-control wpcf7-submit has-spinner\" type=\"submit\" value=\"Enviar\" \/>\n<\/p><p style=\"display: none !important;\" class=\"akismet-fields-container\" data-prefix=\"_wpcf7_ak_\"><label>&#916;<textarea name=\"_wpcf7_ak_hp_textarea\" cols=\"45\" rows=\"8\" maxlength=\"100\"><\/textarea><\/label><input type=\"hidden\" id=\"ak_js_3\" name=\"_wpcf7_ak_js\" value=\"113\"\/><script type=\"text\/javascript\">\n\/* <![CDATA[ *\/\ndocument.getElementById( \"ak_js_3\" ).setAttribute( \"value\", ( new Date() ).getTime() );\n\/* ]]> *\/\n<\/script>\n<\/p><div class=\"wpcf7-response-output\" aria-hidden=\"true\"><\/div>\n<\/form>\n<\/div>\n<\/p><\/div>\n\t\t\t\t<\/div>\n\t\t\t\t\t\t\t\t<\/div>\n\t\t\t\t\t\t<\/div>\n\t\t\t\t<\/div>\n\t\t\t\t\t<\/div>\n\t\t<\/div>\n\t\t\t\t\t<\/div>\n\t\t<\/section>\n\t\t\t\t\t<\/div>\n\t\t<\/div>\n\t\t\t\t\t<\/div>\n\t\t<\/section>\n\t\t\t\t<\/div>\n\t\t","protected":false},"excerpt":{"rendered":"<p>Cotiza para M\u00e9xico Nombre completo Tel\u00e9fono Correo electr\u00f3nico Estado &#8212;Por favor, elige una opci\u00f3n&#8212;AguascalientesBaja CaliforniaBaja California SurCampecheChiapasChihuahuaCoahuilaColimaCDMXDurangoEstado de M\u00e9xicoM\u00e9xico, Toluca de LerdoGuanajuatoGuerreroHidalgoJaliscoMichoac\u00e1nMorelosNayaritNuevo Le\u00f3nOaxacaPueblaQuer\u00e9taroQuintana RooSan Luis Potos\u00edSinaloaSonoraTabascoTamaulipasTlaxcalaVeracruzYucat\u00e1nZacatecas Producto &#8212;Por favor, elige una opci\u00f3n&#8212;AccesoriosAlcantarillaAutotanquesCabezasCilindrosEsferasGaserasNodrizas y aplicadoresSemirremolquesSemirremolques para gasolinaTanque estacionario tipo esferaTanques APITanques Criog\u00e9nicosTanques de carburaci\u00f3nTanques de cloro (1 tonelada)Tanques de planta GLP, NH3, otroTanques de planta para [&hellip;]<\/p>\n","protected":false},"author":1,"featured_media":0,"parent":0,"menu_order":0,"comment_status":"closed","ping_status":"closed","template":"elementor_header_footer","meta":{"_acf_changed":false,"_monsterinsights_skip_tracking":false,"_monsterinsights_sitenote_active":false,"_monsterinsights_sitenote_note":"","_monsterinsights_sitenote_category":0,"footnotes":""},"class_list":["post-7953","page","type-page","status-publish","hentry"],"acf":[],"aioseo_notices":[],"_links":{"self":[{"href":"https:\/\/tatsa.mx\/en\/wp-json\/wp\/v2\/pages\/7953","targetHints":{"allow":["GET"]}}],"collection":[{"href":"https:\/\/tatsa.mx\/en\/wp-json\/wp\/v2\/pages"}],"about":[{"href":"https:\/\/tatsa.mx\/en\/wp-json\/wp\/v2\/types\/page"}],"author":[{"embeddable":true,"href":"https:\/\/tatsa.mx\/en\/wp-json\/wp\/v2\/users\/1"}],"replies":[{"embeddable":true,"href":"https:\/\/tatsa.mx\/en\/wp-json\/wp\/v2\/comments?post=7953"}],"version-history":[{"count":8,"href":"https:\/\/tatsa.mx\/en\/wp-json\/wp\/v2\/pages\/7953\/revisions"}],"predecessor-version":[{"id":14274,"href":"https:\/\/tatsa.mx\/en\/wp-json\/wp\/v2\/pages\/7953\/revisions\/14274"}],"wp:attachment":[{"href":"https:\/\/tatsa.mx\/en\/wp-json\/wp\/v2\/media?parent=7953"}],"curies":[{"name":"wp","href":"https:\/\/api.w.org\/{rel}","templated":true}]}}